{"id":1071,"date":"2016-04-22T13:17:29","date_gmt":"2016-04-22T11:17:29","guid":{"rendered":"https:\/\/iabnetz.de\/?page_id=1071"},"modified":"2020-11-05T18:30:10","modified_gmt":"2020-11-05T17:30:10","slug":"unser-angebot","status":"publish","type":"page","link":"https:\/\/iabnetz.de\/en\/akademie\/angebote-fuer-patienten-und-deren-angehoerige-sowie-medizinische-laien\/unser-angebot\/","title":{"rendered":"Unser Angebot"},"content":{"rendered":"<p><\/p>\n<div id=\"c290\" class=\"csc-default\">\n<div class=\"csc-header csc-header-n1\">\n<h3 class=\"csc-firstHeader\">Individuelle Beratung<\/h3>\n<\/div>\n<div class=\"csc-textpic-text\">\n<p class=\"bodytext\">In einem pers\u00f6nlichen Beratungsgespr\u00e4ch planen wir mit Ihnen, die f\u00fcr Sie erforderlichen Kurs- und Weiterbildungsinhalte.<\/p>\n<p class=\"bodytext\">Bei lehrbezogenen Problemen und Beschwerden k\u00f6nnen Sie sich direkt an unsere Dozenten wenden oder per E-Mail f.adib@iabnetz.de an die IAB-Leitung, Dr. Fereshte Adib Saberi, wenden. Zudem haben Sie bei einem Konflikt, der die <strong>Qualit\u00e4tsstandards von Weiterbildung Hamburg e.V.<sup>\u00a9<\/sup><\/strong> betrifft, Anspruch auf ihren kostenfreien Verbraucherschutz-Service.<\/p>\n<div class=\"csc-header csc-header-n1\">\n<h3 class=\"csc-firstHeader\">Anerkennung<\/h3>\n<\/div>\n<div class=\"csc-textpic-text\">\n<p>Die IAB Akademie arbeitet <strong>unter der Aufsicht eines interdisziplin\u00e4ren, hochkar\u00e4tigen Wissenschaftlichen Beirates<\/strong> und wurde stets als ein <strong>Modellprojekt<\/strong> durch den <strong>Bereich Bewegungsst\u00f6rungen der Medizinischen Hochschule Hannover<\/strong> intensiv unterst\u00fctzt.<\/p>\n<p>Seit 2016 tr\u00e4gt IAB das Segel einer <strong>gepr\u00fcften Weiterbildungseinrichtung<\/strong> nach <strong>Qualit\u00e4tsstandards von Weiterbildung Hamburg e.V.<sup>\u00a9<\/sup><\/strong><\/p>\n<p>Die Seminare und Kurse sind durch die <strong>Fortbildungsakademien der \u00c4rztekammern<\/strong> Berlin Brandenburg, Hamburg und Niedersachsen, je nach Veranstaltungsort auch in weiteren Bundesl\u00e4ndern anerkannt.<\/p>\n<p>Zudem sind sie zertifiziert durch <strong>Freiwillige Registrierung f\u00fcr beruflich Pflegende<sup>\u00a9<\/sup><\/strong>(RbP).<\/p>\n<\/div>\n<\/div>\n<\/div>\n<p>Seit 2018 bietet IAB Akademie <strong><a href=\"https:\/\/iabnetz.de\/wp-content\/uploads\/2019\/01\/Qualibe-Zugang.pdf\">12 Weiterbildungsbausteine<\/a> (WbB)<\/strong>, die i.R. des Projekts \u201eNetz3L \u2013 Hamburg bildet!\u201c entwickelt wurden.<strong> Ziel des Projekts war es, Qualit\u00e4t, Vergleichbarkeit sowie Transparenz in der beruflichen Fort- und Weiterbildung sicherzustellen<\/strong>. Dieses Projekt wurde aus den Europ\u00e4ischen Sozialfonds ESF und von der Ferien und Hansestadt Hamburg finanziert.<\/p>\n<div id=\"c290\" class=\"csc-default\">\n<div class=\"csc-textpic-text\">\n<div class=\"csc-textpic-text\">\n<p>Dr. Fereshte Adib Saberi hat dabei auch ein <strong><a href=\"https:\/\/iabnetz.de\/wp-content\/uploads\/2019\/01\/Netz3L_E-Learn_Zertifikat_Adib.pdf\">Zertifikat<\/a> f\u00fcr die Gestaltung von kompetenzorientierten Curricula als Weiterbildungsanbieterin<\/strong>\u00a0erlangt.<\/p>\n<p>&nbsp;<\/p>\n<p>Weitere Zertifizierungsantr\u00e4ge sind momentan angestrebt (Zentrale Pr\u00fcfstelle Pr\u00e4vention, Pflegekasse, ISO 29990, Landesbegabtenf\u00f6rderung\u2026.)<\/p>\n<p>&nbsp;<\/p>\n<p class=\"bodytext\">Zu <strong>allen Kursen der IAB-Akademie <\/strong>k\u00f6nnen\u00a0 <a href=\"http:\/\/iabnetz.de\/wp-content\/uploads\/2016\/09\/iab_zertifikat_Kurse.jpg\">Teilnahme-Zertifikate<\/a> erworben werden.<\/p>\n<div class=\"csc-header csc-header-n1\">\n<h3><\/h3>\n<h3 class=\"csc-firstHeader\">Kurszeiten<\/h3>\n<\/div>\n<div class=\"csc-textpic-text\">\n<p class=\"bodytext\">Wir bieten Ihnen verschiedene Veranstaltungen und Kurs- und Weiterbildungsvarianten an. Alle Kurszeiten sind <strong>so kompakt wie m\u00f6glich angelegt, um auch den ausw\u00e4rtigen Interessenten die Teilnahme bequem zu erm\u00f6glichen<\/strong>.<\/p>\n<p class=\"bodytext\">Erster Blocktag \/ Abendgruppen: 18:00 \u2013 21:30 Uhr (je 6\u00a0Unterrichtseinheiten und Fortbildungspunkte)<\/p>\n<p class=\"bodytext\">Blocktage \/ Wochenendgruppen: 08:30 \u2013 18:00 Uhr (je 13\u00a0Unterrichtseinheiten und Fortbildungspunkte)<\/p>\n<p class=\"bodytext\">Letzter Blocktag \/ Vormittagsgruppen: 08:30 \u2013 12:00 Uhr (je 6\u00a0Unterrichtseinheiten und Fortbildungspunkte)<\/p>\n<div id=\"c295\" class=\"csc-default\">\n<div class=\"csc-header csc-header-n1\">\n<h3 class=\"csc-firstHeader\">Seminar- und Unterrichtsmaterial<\/h3>\n<\/div>\n<div class=\"csc-textpic-text\">\n<p class=\"bodytext\">Wir arbeiten mit hochwertigem Unterrichtsmaterial. Sie erhalten in unseren Kursen und Weiterbildungen au\u00dferdem Skripte, die Ihnen helfen, Ihre Aufmerksamkeit ganz auf das aktuelle Thema zu konzentrieren.<\/p>\n<div class=\"csc-header csc-header-n1\">\n<h3 class=\"csc-firstHeader\">Literatur und Recherche<\/h3>\n<\/div>\n<div class=\"csc-textpic-text\">\n<p class=\"bodytext\">Wir beraten und schulen Sie bei der richtigen Literatursuche. Online bieten wir Ihnen Zugang zu Fachartikeln, Abstracts und PDFs unserer Referentenbeitr\u00e4ge, sowie zu unseren eigenen IAB-Produkten.<\/p>\n<p class=\"bodytext\">So wird die Recherche f\u00fcr Ihr Fach leicht gemacht und Sie bleiben immer auf dem neuesten Stand.<\/p>\n<div id=\"c298\" class=\"csc-default\">\n<div class=\"csc-header csc-header-n1\">\n<h3 class=\"csc-firstHeader\">Preiswert nach Berlin oder Hamburg reisen<\/h3>\n<\/div>\n<div class=\"csc-textpic-text\">\n<p class=\"bodytext\">Unsere Termine stehen langfristig fest, so dass Sie Fr\u00fchbucherrabatte der <a class=\"external-link-new-window\" title=\"Opens external link in new window\" href=\"http:\/\/www.bahn.de\" target=\"_blank\" rel=\"noopener noreferrer\">Bahn<\/a> oder der g\u00fcnstigen Fluggesellschaften nutzen k\u00f6nnen. Eine weitere g\u00fcnstige Reisem\u00f6glichkeit bieten Mitfahrzentralen oder Linienbusse.<\/p>\n<p class=\"bodytext\">Unter <a class=\"external-link-new-window\" title=\"Opens external link in new window\" href=\"http:\/\/www.mitfahrgelegenheit.de\" target=\"_blank\" rel=\"noopener noreferrer\">www.mitfahrgelegenheit.de<\/a> finden Sie schnell eine Mitfahrgelegenheit.<\/p>\n<\/div>\n<\/div>\n<\/div>\n<\/div>\n<\/div>\n<\/div>\n<\/div>\n<\/div>\n<\/div>\n<p><\/p>\n<div id=\"mmstickybutton\" style=\"display:none; position:fixed;right:10px;bottom:85px;z-index:665000;border-radius:39px;background-color:#FFFFFF;cursor:pointer;\">\n    <svg width=\"75\" height=\"75\" xmlns=\"http:\/\/www.w3.org\/2000\/svg\">\n    <path\n   stroke-width=\"1\"\n   fill-opacity=\"0\"\n   stroke=\"#000000\"\n   d=\"m 37.499999,73.844968 c -20.082136,0 -36.344969,-16.262833 -36.344969,-36.344969 0,-20.082136 16.262833,-36.344969 36.344969,-36.344969 20.082136,0 36.344969,16.262833 36.344969,36.344969 0,20.082136 -16.262833,36.344969 -36.344969,36.344969 z m 0,-59.045174 c -2.494867,0 -4.466119,2.063655 -4.404517,4.558521 l 0.708418,21.74538 c 0.0616,1.971253 1.694046,3.542095 3.665298,3.542095 1.971253,0 3.603696,-1.570842 3.665298,-3.542095 l 0.708419,-21.74538 c 0.123203,-2.525667 -1.848049,-4.558521 -4.342916,-4.558521 z m 0,36.344969 c -1.201232,-0.0308 -2.340862,0.462012 -3.203285,1.293634 -0.862423,0.831623 -1.355237,1.971253 -1.324436,3.172485 0,1.262834 0.431212,2.340862 1.324436,3.172485 0.862423,0.831622 2.002053,1.293634 3.203285,1.293634 1.201232,0.0308 2.340862,-0.462012 3.203285,-1.293634 0.862423,-0.831623 1.355237,-2.002054 1.324436,-3.172485 0.0308,-1.201232 -0.462013,-2.340862 -1.324436,-3.172485 -0.862423,-0.862423 -2.002053,-1.324435 -3.203285,-1.293634 z\"\n   id=\"path1\"\n   style=\"fill:#ffa53e;fill-opacity:1;stroke-width:2.31006;stroke-dasharray:none\" \/><\/svg>\n    <\/div>\n    <div id=\"stickybcontent\" style=\"position:fixed;padding:10px;font-size:14px;right:10px;top:50%;margin-top:-32.5px;z-index:665002;border:2px solid #000000;background-color:#ffa53e;width:150px;height:65px;border-radius:10px;\">\n        <a href=\"https:\/\/iabnetz.de\/wp-content\/uploads\/2026\/01\/IAB-20-Jahre-und-morgen.pdf\" target=\"_blank\" style=\"display:block;width:100%;height:100%;\">\n        <strong style=\"color:#ffffff;text-decoration:none;\">IAB \u2013 20 Jahre und morgen?<\/strong><br\/>\n        <span style=\"color:#ffffff;text-decoration:none;\"><\/span>\n        <\/a>\n    <\/div>\n    <script>\n    var _w = 150;\n    \n    var _nobutton = document.querySelectorAll(\".mmnostickybutton\");\n    if(_nobutton.length > 0){\n        document.getElementById(\"mmstickybutton\").remove();\n        document.getElementById(\"stickybcontent\").remove();\n    }\n    \n    $(document).ready(function(){\n        if($(\".mmnostickybutton\").length > 0){ \n           $(\"#mmstickybutton,#stickybcontent\").remove();\n           return true;\n        }\n        $(\"#mmstickybutton\").on(\"click\",function(){\n\t\t\t$(\"#stickybcontent\").show().animate({\n\t\t\twidth: _w+\"px\",\n\t\t\t}, 280, \"easeInOutQuad\",function() { ; });\n        });\n        \/*\n        $(\"#stickybcontent\").on(\"click\",function(){\n\t\t\t$(this).animate({\n\t\t\twidth: \"0px\",\n\t\t\t}, 280, \"easeInOutQuad\",function() { ; }).hide();\n        });\n        *\/\n        \n    });\n    <\/script>","protected":false},"excerpt":{"rendered":"<p>Individuelle Beratung In einem pers\u00f6nlichen Beratungsgespr\u00e4ch planen wir mit Ihnen, die f\u00fcr Sie erforderlichen Kurs- und Weiterbildungsinhalte. Bei lehrbezogenen Problemen und Beschwerden k\u00f6nnen Sie sich direkt an unsere Dozenten wenden oder per E-Mail f.adib@iabnetz.de an die IAB-Leitung, Dr. Fereshte Adib Saberi, wenden. Zudem haben Sie bei einem Konflikt, der die Qualit\u00e4tsstandards von Weiterbildung Hamburg e.V.\u00a9 [&hellip;]<\/p>\n","protected":false},"author":1,"featured_media":0,"parent":139,"menu_order":30,"comment_status":"closed","ping_status":"closed","template":"","meta":{"_acf_changed":false,"footnotes":"","_links_to":"","_links_to_target":""},"class_list":["post-1071","page","type-page","status-publish","hentry"],"acf":[],"_links":{"self":[{"href":"https:\/\/iabnetz.de\/en\/wp-json\/wp\/v2\/pages\/1071"}],"collection":[{"href":"https:\/\/iabnetz.de\/en\/wp-json\/wp\/v2\/pages"}],"about":[{"href":"https:\/\/iabnetz.de\/en\/wp-json\/wp\/v2\/types\/page"}],"author":[{"embeddable":true,"href":"https:\/\/iabnetz.de\/en\/wp-json\/wp\/v2\/users\/1"}],"replies":[{"embeddable":true,"href":"https:\/\/iabnetz.de\/en\/wp-json\/wp\/v2\/comments?post=1071"}],"version-history":[{"count":3,"href":"https:\/\/iabnetz.de\/en\/wp-json\/wp\/v2\/pages\/1071\/revisions"}],"predecessor-version":[{"id":10997,"href":"https:\/\/iabnetz.de\/en\/wp-json\/wp\/v2\/pages\/1071\/revisions\/10997"}],"up":[{"embeddable":true,"href":"https:\/\/iabnetz.de\/en\/wp-json\/wp\/v2\/pages\/139"}],"wp:attachment":[{"href":"https:\/\/iabnetz.de\/en\/wp-json\/wp\/v2\/media?parent=1071"}],"curies":[{"name":"wp","href":"https:\/\/api.w.org\/{rel}","templated":true}]}}