{"id":1211,"date":"2016-05-23T16:04:00","date_gmt":"2016-05-23T14:04:00","guid":{"rendered":"https:\/\/iabnetz.de\/?page_id=1211"},"modified":"2018-11-30T08:14:36","modified_gmt":"2018-11-30T07:14:36","slug":"pressespiegel","status":"publish","type":"page","link":"https:\/\/iabnetz.de\/en\/presse\/pressespiegel\/","title":{"rendered":"Press Review"},"content":{"rendered":"<p><\/p>\n<h3>Mitgliederzeitschrift der Deutschen Seniorenliga<\/h3>\n<p>Neurologische Bewegungsst\u00f6rungen &#8211;\u00a0Behandlungserfolge dank Teamarbeit<\/p>\n<p>Bewegungsst\u00f6rungen geh\u00f6ren zu\u00a0den h\u00e4ufigsten Erkrankungen in der\u00a0Neurologie. Um unkontrolliertes\u00a0Zittern, unwillk\u00fcrliche Muskelkontraktionen\u00a0oder auch Bewegungsstarre in den<br \/>\nGriff zu bekommen, bedarf\u00a0es einer fach\u00fcbergreifenden Therapie.<\/p>\n<p><a href=\"https:\/\/iabnetz.de\/wp-content\/uploads\/2018\/11\/Bewegungss\u00f6rung_aktiv_4_18.pdf\" target=\"_blank\" rel=\"noopener\">aktiv Dezember 2018: 26-27<\/a><\/p>\n<hr \/>\n<h3>Dystonie Rundblick 2018<\/h3>\n<p>\u201e F\u00fcr alle, die Patienten\u00a0mit Dystonie betreuen\u201c<br \/>\nInterview mit Professor Dressler zum Erscheinen seines neuesten Buchs<br \/>\n\u00fcber die Behandlung der Dystonie<\/p>\n<p><a href=\"https:\/\/iabnetz.de\/wp-content\/uploads\/2018\/08\/Rundblick-Sommer-Herbst18.pdf\">Dystonie Rundblick Sommer-Herbst 2018: 3-4<\/a><\/p>\n<hr \/>\n<h3>Presse IAB Akademie<\/h3>\n<p>&nbsp;<\/p>\n<h3><a class=\"external-link-new-window\" title=\"Opens external link in new window\" href=\"http:\/\/www.mtd.de\" target=\"_blank\" rel=\"noopener noreferrer\">MTD-Verlag GmbH<\/a><\/h3>\n<p><b>MTDialog 03\/2016:<br \/>\n<\/b><span style=\"color: #000000;\"><a class=\"download\" style=\"color: #000000;\" title=\"Initiates file download\" href=\"http:\/\/iabnetz.de\/wp-content\/uploads\/2016\/05\/MTDialog_03-2016_-_Beleg.pdf\"><b>Ausbildung: Fachtherapeut\u00a0<\/b><b>Bewegungsst\u00f6rungen<br \/>\n<\/b><\/a><b><a class=\"download\" style=\"color: #000000;\" title=\"Initiates file download\" href=\"http:\/\/iabnetz.de\/wp-content\/uploads\/2016\/05\/MTDialog_03-2016_-_Beleg.pdf\">IAB Akademie startet Lehrbetrieb<\/a><\/b><\/span><\/p>\n<h3><a class=\"external-link-new-window\" title=\"Opens external link in new window\" href=\"http:\/\/www.verlag-modernes-lernen.de\/docs\/ergo_aktuell.php?item=i3-3-3-c3-3a\" target=\"_blank\" rel=\"noopener noreferrer\">praxis ergotherapie 2\/2016<\/a><\/h3>\n<p>Lehrbetrieb gestartet<br \/>\nAusbildung zum Fach-Therapeuten Bewegungsst\u00f6rungen<\/p>\n<h3><a class=\"external-link-new-window\" title=\"Opens external link in new window\" href=\"https:\/\/de.nachrichten.yahoo.com\/\" target=\"_blank\" rel=\"noopener noreferrer\">YAHOO!<\/a><\/h3>\n<p><span style=\"color: #000000;\"><a class=\"external-link-new-window\" style=\"color: #000000;\" title=\"Opens external link in new window\" href=\"https:\/\/de.nachrichten.yahoo.com\/bewegungsst%C3%B6rungen-iab-akademie-startet-lehrbetrieb-000000689.html\" target=\"_blank\" rel=\"noopener noreferrer\">https:\/\/de.nachrichten.yahoo.com\/bewegungsst<\/a><a class=\"external-link-new-window\" style=\"color: #000000;\" title=\"Opens external link in new window\" href=\"https:\/\/de.nachrichten.yahoo.com\/bewegungsst%C3%B6rungen-iab-akademie-startet-lehrbetrieb-000000689.html\" target=\"_blank\" rel=\"noopener noreferrer\">\u00f6rungen-iab-akademie-startet-lehrbetrieb-000000689.html<br \/>\n<\/a><\/span><\/p>\n<h3><span style=\"color: #ff9900;\"><a class=\"external-link-new-window\" style=\"color: #ff9900;\" title=\"Opens external link in new window\" href=\"http:\/\/www.nachrichten.de\/\" target=\"_blank\" rel=\"noopener noreferrer\">nachrichten.de<\/a><\/span><\/h3>\n<p><span style=\"color: #000000;\"><a class=\"external-link-new-window\" style=\"color: #000000;\" title=\"Opens external link in new window\" href=\"http:\/\/www.nachrichten.de\/gesundheit\/Bewegungsstoerung-IAB-Lehrbetrieb-Therapeuten-Hamburg-cid_2295139\/\" target=\"_blank\" rel=\"noopener noreferrer\">http:\/\/www.nachrichten.de\/gesundheit\/Bewegungsstoerung-IAB-Lehrbetrieb-Therapeuten-Hamburg-cid_2295139\/<\/a><\/span><\/p>\n<h3><a title=\"Opens external link in new window\" href=\"http:\/\/www.presseportal.de\/\" target=\"_blank\" rel=\"noopener noreferrer\">PRESSEPORTAL<\/a><\/h3>\n<p><span style=\"color: #000000;\"><a class=\"external-link-new-window\" style=\"color: #000000;\" title=\"Opens external link in new window\" href=\"http:\/\/www.presseportal.de\/nr\/118999\" target=\"_blank\" rel=\"noopener noreferrer\">http:\/\/www.presseportal.de\/nr\/118999<\/a><\/span><\/p>\n<hr \/>\n<h3>Dystonie R\u00fcckblick 2015<\/h3>\n<p>Adib Saberi F &amp; Dressler D\u00a0(2015): Jubil\u00e4umsgr\u00fc\u00dfe. <b><a class=\"download\" title=\"Initiates file download\" href=\"http:\/\/iabnetz.de\/wp-content\/uploads\/2016\/05\/Jubilaeumsnummer_RZ_low.pdf\">Dystonie R\u00fcckblick, Jubil\u00e4umsausgabe,\u00a0Sommer 2015<\/a>: <a class=\"download\" title=\"Initiates file download\" href=\"http:\/\/iabnetz.de\/wp-content\/uploads\/2016\/05\/Jubilaeumsgruss_Dressler-Adib2015001.jpg\">18<\/a>&#8211;<a class=\"download\" title=\"Initiates file download\" href=\"http:\/\/iabnetz.de\/wp-content\/uploads\/2016\/05\/Jubilaeumsgruss_Dressler-Adib2015002.jpg\">19<\/a><\/b><\/p>\n<hr \/>\n<h3 class=\"csc-firstHeader\">Dystonie: Ein Patienten-Treffen der Nordlichter<\/h3>\n<p><b>Mehr als 120 Dystonie-Patienten aus ganz Norddeutschland treffen sich bei der Tagung des Interdisziplin\u00e4ren Arbeitskreises Bewegungsst\u00f6rungen in der Medizinischen Hochschule Hannover am 12. September 2015<\/b><\/p>\n<p>Ein <a class=\"download\" title=\"Initiates file download\" href=\"http:\/\/iabnetz.de\/wp-content\/uploads\/2016\/05\/Bericht_IAB-NORDDEUTSCHE-DYSTONIE-DA-2015_Endfassung.pdf\"><b>Nachruf<\/b><\/a> von<\/p>\n<p>Gisela Murawski<br \/>\nMargrit Wilkening<br \/>\nSilke Korth<br \/>\nAlexander M\u00fcller<br \/>\n(pers\u00f6nliche Mitteilung)<\/p>\n<hr \/>\n<h3 class=\"csc-firstHeader\">www.hyaluronportal.com<\/h3>\n<p>AB Arbeitskreis vernetzt Spezialisten<br \/>\nF\u00fcnf Fragen an Dr. med. Fereshte Adib Saberi, Neurologin und Psychiaterin, Hamburg.<\/p>\n<p><b><a class=\"external-link-new-window\" title=\"Opens external link in new window\" href=\"http:\/\/hyaluronportal.com\/article\/iab-arbeitskreis-vernetzt-spezialisten\/\" target=\"_blank\" rel=\"noopener noreferrer\">Interview und Text<\/a><\/b>: Gabriele Br\u00e4hler, br\u00e4hler communications, Berlin<\/p>\n<hr \/>\n<h4>Sonderausgabe (zum 20. Geburtstag der ersten Zulassung von Botox in Deutschland) der &#8220;newsbox&#8221;, dem \u00c4rztenewsletter von Pharm-Allergan 2013<\/h4>\n<p><b>Optimierung der Versorgung von Patienten mit Bewegungsst\u00f6rungen durch fach\u00fcbergreifende Vernetzung: IAB ergreift Initiative<\/b> Jubil\u00e4umsausgabe <b><a class=\"download\" title=\"Initiates file download\" href=\"http:\/\/iabnetz.de\/wp-content\/uploads\/2016\/05\/DE_1218_2013_newsbox_20_Jahre_Finalversion.pdf\" target=\"_blank\" rel=\"noopener noreferrer\">2013<\/a><\/b>: 6.<\/p>\n<hr \/>\n<h3 class=\"csc-firstHeader\">Dystonie Rundblick 2013<\/h3>\n<p>Adib Saberi F (2013) <b>IAB &#8211; Interdisziplin\u00e4rer Arbeitskreis Bewegungsst\u00f6rungen<\/b>. Dystonie Rundblick, <b><a class=\"download\" title=\"Initiates file download\" href=\"http:\/\/iabnetz.de\/wp-content\/uploads\/2016\/05\/Rundblick_Sommer_2013_low.pdf\" target=\"_blank\" rel=\"noopener noreferrer\">Sommer 2013: 10-12<\/a><\/b><\/p>\n<hr \/>\n<h3 class=\"csc-firstHeader\">Journal of Neural Transmission 2012<\/h3>\n<p>Adib Saberi F, Dressler D (2012) <b>Interdisziplin\u00e4rer Arbeitskreis Bewegungsst\u00f6rungen (IAB): an interdisciplinary working group for promoting multimodal therapy of movement disorders\u00a0 <a class=\"external-link-new-window\" title=\"Opens external link in new window\" href=\"http:\/\/link.springer.com\/article\/10.1007\/s00702-012-0932-6#page-1\" target=\"_blank\" rel=\"noopener noreferrer\">[Epub]<\/a><\/b> J Neural Transm DOI 10.1007\/s00702-012-0932-6<\/p>\n<hr \/>\n<h3>die neuro news 2012<\/h3>\n<p>Dr. Markus Ebke, Chefarzt Neurologie, Dr. Becker Rhein-Sieg-Klinik, N\u00fcmbrecht (2012)<br \/>\n<b>Botulinum Neurotoxin Typ A frei von Komplexproteinen<br \/>\nVersorgung von Patienten mit Spastik nach Schlaganfall noch zu selten leitliniengerecht<\/b>\u00a0 die neuro news 21 3\/2012: <a class=\"download\" title=\"Initiates file download\" href=\"http:\/\/iabnetz.de\/wp-content\/uploads\/2016\/05\/ebke-neuro_news_2012001.pdf\" target=\"_blank\" rel=\"noopener noreferrer\"><b>3<\/b><\/a>.<\/p>\n<hr \/>\n<h3 class=\"csc-firstHeader\">Dystonie aktuell 2011<\/h3>\n<p>Adib Saberi F (2011) <b>Interdisziplin\u00e4rer Arbeitskreis Bewegungsst\u00f6rungen<\/b> Dystonie aktuell <a class=\"download\" title=\"Initiates file download\" href=\"http:\/\/iabnetz.de\/wp-content\/uploads\/2016\/05\/dystonie_aktuell34.pdf\" target=\"_blank\" rel=\"noopener noreferrer\"><b>34<\/b><\/a>, Fr\u00fchjahr 2011: <a class=\"download\" title=\"Initiates file download\" href=\"http:\/\/iabnetz.de\/wp-content\/uploads\/2016\/05\/dystonie_aktuell_34_2011001.pdf\" target=\"_blank\" rel=\"noopener noreferrer\"><b>10-11<\/b><\/a>.<\/p>\n<div id=\"mmstickybutton\" style=\"display:none; position:fixed;right:10px;bottom:85px;z-index:665000;border-radius:39px;background-color:#FFFFFF;cursor:pointer;\">\n    <svg width=\"75\" height=\"75\" xmlns=\"http:\/\/www.w3.org\/2000\/svg\">\n    <path\n   stroke-width=\"1\"\n   fill-opacity=\"0\"\n   stroke=\"#000000\"\n   d=\"m 37.499999,73.844968 c -20.082136,0 -36.344969,-16.262833 -36.344969,-36.344969 0,-20.082136 16.262833,-36.344969 36.344969,-36.344969 20.082136,0 36.344969,16.262833 36.344969,36.344969 0,20.082136 -16.262833,36.344969 -36.344969,36.344969 z m 0,-59.045174 c -2.494867,0 -4.466119,2.063655 -4.404517,4.558521 l 0.708418,21.74538 c 0.0616,1.971253 1.694046,3.542095 3.665298,3.542095 1.971253,0 3.603696,-1.570842 3.665298,-3.542095 l 0.708419,-21.74538 c 0.123203,-2.525667 -1.848049,-4.558521 -4.342916,-4.558521 z m 0,36.344969 c -1.201232,-0.0308 -2.340862,0.462012 -3.203285,1.293634 -0.862423,0.831623 -1.355237,1.971253 -1.324436,3.172485 0,1.262834 0.431212,2.340862 1.324436,3.172485 0.862423,0.831622 2.002053,1.293634 3.203285,1.293634 1.201232,0.0308 2.340862,-0.462012 3.203285,-1.293634 0.862423,-0.831623 1.355237,-2.002054 1.324436,-3.172485 0.0308,-1.201232 -0.462013,-2.340862 -1.324436,-3.172485 -0.862423,-0.862423 -2.002053,-1.324435 -3.203285,-1.293634 z\"\n   id=\"path1\"\n   style=\"fill:#ffa53e;fill-opacity:1;stroke-width:2.31006;stroke-dasharray:none\" \/><\/svg>\n    <\/div>\n    <div id=\"stickybcontent\" style=\"position:fixed;padding:10px;font-size:14px;right:10px;top:50%;margin-top:-32.5px;z-index:665002;border:2px solid #000000;background-color:#ffa53e;width:150px;height:65px;border-radius:10px;\">\n        <a href=\"https:\/\/iabnetz.de\/wp-content\/uploads\/2026\/01\/IAB-20-Jahre-und-morgen.pdf\" target=\"_blank\" style=\"display:block;width:100%;height:100%;\">\n        <strong style=\"color:#ffffff;text-decoration:none;\">IAB \u2013 20 Jahre und morgen?<\/strong><br\/>\n        <span style=\"color:#ffffff;text-decoration:none;\"><\/span>\n        <\/a>\n    <\/div>\n    <script>\n    var _w = 150;\n    \n    var _nobutton = document.querySelectorAll(\".mmnostickybutton\");\n    if(_nobutton.length > 0){\n        document.getElementById(\"mmstickybutton\").remove();\n        document.getElementById(\"stickybcontent\").remove();\n    }\n    \n    $(document).ready(function(){\n        if($(\".mmnostickybutton\").length > 0){ \n           $(\"#mmstickybutton,#stickybcontent\").remove();\n           return true;\n        }\n        $(\"#mmstickybutton\").on(\"click\",function(){\n\t\t\t$(\"#stickybcontent\").show().animate({\n\t\t\twidth: _w+\"px\",\n\t\t\t}, 280, \"easeInOutQuad\",function() { ; });\n        });\n        \/*\n        $(\"#stickybcontent\").on(\"click\",function(){\n\t\t\t$(this).animate({\n\t\t\twidth: \"0px\",\n\t\t\t}, 280, \"easeInOutQuad\",function() { ; }).hide();\n        });\n        *\/\n        \n    });\n    <\/script>","protected":false},"excerpt":{"rendered":"<p>Press Reviews about IAB &#038; IAB Academy<\/p>\n","protected":false},"author":1,"featured_media":3663,"parent":3643,"menu_order":200,"comment_status":"closed","ping_status":"closed","template":"","meta":{"_acf_changed":false,"footnotes":"","_links_to":"","_links_to_target":""},"class_list":["post-1211","page","type-page","status-publish","has-post-thumbnail","hentry"],"acf":[],"_links":{"self":[{"href":"https:\/\/iabnetz.de\/en\/wp-json\/wp\/v2\/pages\/1211"}],"collection":[{"href":"https:\/\/iabnetz.de\/en\/wp-json\/wp\/v2\/pages"}],"about":[{"href":"https:\/\/iabnetz.de\/en\/wp-json\/wp\/v2\/types\/page"}],"author":[{"embeddable":true,"href":"https:\/\/iabnetz.de\/en\/wp-json\/wp\/v2\/users\/1"}],"replies":[{"embeddable":true,"href":"https:\/\/iabnetz.de\/en\/wp-json\/wp\/v2\/comments?post=1211"}],"version-history":[{"count":7,"href":"https:\/\/iabnetz.de\/en\/wp-json\/wp\/v2\/pages\/1211\/revisions"}],"predecessor-version":[{"id":8724,"href":"https:\/\/iabnetz.de\/en\/wp-json\/wp\/v2\/pages\/1211\/revisions\/8724"}],"up":[{"embeddable":true,"href":"https:\/\/iabnetz.de\/en\/wp-json\/wp\/v2\/pages\/3643"}],"wp:featuredmedia":[{"embeddable":true,"href":"https:\/\/iabnetz.de\/en\/wp-json\/wp\/v2\/media\/3663"}],"wp:attachment":[{"href":"https:\/\/iabnetz.de\/en\/wp-json\/wp\/v2\/media?parent=1211"}],"curies":[{"name":"wp","href":"https:\/\/api.w.org\/{rel}","templated":true}]}}