{"id":14935,"date":"2024-06-18T16:55:49","date_gmt":"2024-06-18T14:55:49","guid":{"rendered":"https:\/\/iabnetz.de\/?page_id=14935"},"modified":"2024-06-18T16:58:02","modified_gmt":"2024-06-18T14:58:02","slug":"wissenschaftliche-mitarbeiterin-wissenschaftlicher-mitarbeiter","status":"publish","type":"page","link":"https:\/\/iabnetz.de\/en\/stellenangebote\/wissenschaftliche-mitarbeiterin-wissenschaftlicher-mitarbeiter\/","title":{"rendered":"annuncio di lavoro presso l&#8217;Universit\u00e0 Cattolica di Scienze Applicate per il lavoro sociale"},"content":{"rendered":"<p><\/p>\n<p class=\"oneComWebmail-MsoNormal\"><span class=\"font\"><span class=\"size\">Gentili lettori,<\/span><\/span><\/p>\n<p class=\"oneComWebmail-MsoNormal\"><span class=\"font\"><span class=\"size\">vorrei attirare la vostra attenzione su un annuncio di lavoro presso l&#8217;Universit\u00e0 Cattolica di Scienze Applicate per il lavoro sociale.<\/span><\/span><\/p>\n<p class=\"oneComWebmail-MsoNormal\"><span class=\"font\"><span class=\"size\">Le trisomie 13 e 18 sono aberrazioni cromosomiche autosomiche in cui i cromosomi 13 o 18 (o parti di essi) sono presenti in triplice copia. Secondo uno studio condotto in Inghilterra e Galles tra il 1997 e il 2004 su donne di et\u00e0 compresa tra i 16 e i 45 anni, la prevalenza dei nati vivi senza screening prenatale e aborto selettivo era del 95% su 10.000 nascite sia per la trisomia 13 che per la trisomia 18 (Savva et al., 2010).<\/span><\/span><\/p>\n<p class=\"oneComWebmail-MsoNormal\"><span class=\"font\"><span class=\"size\">Tuttavia, \u00e8 chiaro che la maggior parte dei futuri genitori sceglie il difficile percorso dell&#8217;aborto, il cui tasso aumenta con l&#8217;aumento della diagnostica prenatale.<\/span><\/span><\/p>\n<p class=\"oneComWebmail-MsoNormal\"><span class=\"font\"><span class=\"size\">Ma anche i genitori che decidono di continuare la gravidanza sperimentano un percorso difficile (Kuratle &amp; Haab, 2018), a cui spesso vengono rifiutate le cure mediche da parte del personale specializzato, poich\u00e9 in Germania le trisomie 13 e 18 sono dichiarate non compatibili con la vita. Katherine Nelson (2016) dell&#8217;Hospital for Sick Children (Toronto) ha potuto dimostrare, in uno studio svolto tra il 1991 e il 2013 in Ontario, che il 12,9% dei bambini con trisomia 13 e il 9,8% dei bambini con trisomia 18 hanno raggiunto l&#8217;et\u00e0 di dieci anni, in particolare grazie al ricorso alla chirurgia.<\/span><\/span><\/p>\n<p class=\"oneComWebmail-MsoNormal\"><span class=\"font\"><span class=\"size\">Come madre di un bambino affetto da Trisomia 18 (oggi non pi\u00fa tra noi) ho avviato, insieme all&#8217;Universit\u00e0 Cattolica di Scienze Sociali Applicate, il progetto \u201eMein Kind soll leben!\u00a0Erfahrungen von Eltern mit Kindern mit Trisomie 18 und 13 w\u00e4hrend und nach der Schwangerschaft\u201c per porre fine a tali condizioni discriminatorie.<\/span><\/span><\/p>\n<p class=\"oneComWebmail-MsoNormal\"><span class=\"font\"><span class=\"size\">L&#8217;obiettivo del progetto \u00e8 quello di ottenere una maggiore apertura da parte del personale medico. Ci\u00f2 comporta nuovi approcci per affrontare la diversit\u00e0 nonch\u00e9 l&#8217;inclusione sociale, la non discriminazione e il pensiero critico.\u00a0Tuttavia, il progetto si concentra anche sul miglioramento dell&#8217;insegnamento delle competenze sociali e sulla sensibilizzazione.<\/span><\/span><\/p>\n<p class=\"oneComWebmail-MsoNormal\"><span class=\"font\"><span class=\"size\">Si cerca un\u00a0<b>assistente di ricerca<\/b>\u00a0per il progetto\u00a0<b>a partire dal 1\u00b0 ottobre 2024<\/b>. Le candidature sono possibili\u00a0<b>fino al 07.07.2024<\/b>.\u00a0Saremmo lieti di darvi il benvenuto nel team:\u00a0<a href=\"https:\/\/www.khsb-berlin.de\/de\/node\/942351\" target=\"_blank\" rel=\"noopener\">https:\/\/www.khsb-berlin.de\/de\/node\/942351<\/a>\u00a0\u00a0\u00a0<\/span><\/span><\/p>\n<p class=\"oneComWebmail-MsoNormal\"><span class=\"font\"><span class=\"size\">Cordiali saluti<\/span><\/span><\/p>\n<p class=\"oneComWebmail-MsoNormal\"><span class=\"font\"><span class=\"size\">Elettra Griesi<\/span><\/span><\/p>\n<div><span class=\"oneComWebmail-gmail_signature_prefix\">&#8212;<\/span><\/div>\n<div class=\"oneComWebmail-gmail_signature\">\n<div>\n<div>\n<div>\n<div>\n<div>Dipl. Ing. Arch. &amp; M. A. Social- and Cultural Anthropology<\/div>\n<div>PhD Candidate &#8211; Department of Human Geography FU Berlin<\/div>\n<div><\/div>\n<div>Associate Member at Collaborative Research Centre CRC 1265 \u201cRe-Figuration of Spaces\u201d TU Berlin<\/div>\n<div>Spokeswoman at the IPB &#8211; Institute for Protest and Social Movement Studies (section Urban Space)<\/div>\n<div><\/div>\n<div>Elettra Griesi<br \/>\nelettragriesi@googlemail.com<\/div>\n<div><\/div>\n<div>Malteserstr. 74-100<\/div>\n<div>Office K 168<\/div>\n<div>12249 Berlin<\/div>\n<div>Phone +49 &#8211; (0)173 &#8211; 46 29 473<\/div>\n<\/div>\n<\/div>\n<\/div>\n<\/div>\n<\/div>\n<p><\/p>\n<div id=\"mmstickybutton\" style=\"display:none; position:fixed;right:10px;bottom:85px;z-index:665000;border-radius:39px;background-color:#FFFFFF;cursor:pointer;\">\n    <svg width=\"75\" height=\"75\" xmlns=\"http:\/\/www.w3.org\/2000\/svg\">\n    <path\n   stroke-width=\"1\"\n   fill-opacity=\"0\"\n   stroke=\"#000000\"\n   d=\"m 37.499999,73.844968 c -20.082136,0 -36.344969,-16.262833 -36.344969,-36.344969 0,-20.082136 16.262833,-36.344969 36.344969,-36.344969 20.082136,0 36.344969,16.262833 36.344969,36.344969 0,20.082136 -16.262833,36.344969 -36.344969,36.344969 z m 0,-59.045174 c -2.494867,0 -4.466119,2.063655 -4.404517,4.558521 l 0.708418,21.74538 c 0.0616,1.971253 1.694046,3.542095 3.665298,3.542095 1.971253,0 3.603696,-1.570842 3.665298,-3.542095 l 0.708419,-21.74538 c 0.123203,-2.525667 -1.848049,-4.558521 -4.342916,-4.558521 z m 0,36.344969 c -1.201232,-0.0308 -2.340862,0.462012 -3.203285,1.293634 -0.862423,0.831623 -1.355237,1.971253 -1.324436,3.172485 0,1.262834 0.431212,2.340862 1.324436,3.172485 0.862423,0.831622 2.002053,1.293634 3.203285,1.293634 1.201232,0.0308 2.340862,-0.462012 3.203285,-1.293634 0.862423,-0.831623 1.355237,-2.002054 1.324436,-3.172485 0.0308,-1.201232 -0.462013,-2.340862 -1.324436,-3.172485 -0.862423,-0.862423 -2.002053,-1.324435 -3.203285,-1.293634 z\"\n   id=\"path1\"\n   style=\"fill:#ffa53e;fill-opacity:1;stroke-width:2.31006;stroke-dasharray:none\" \/><\/svg>\n    <\/div>\n    <div id=\"stickybcontent\" style=\"position:fixed;padding:10px;font-size:14px;right:10px;top:50%;margin-top:-32.5px;z-index:665002;border:2px solid #000000;background-color:#ffa53e;width:150px;height:65px;border-radius:10px;\">\n        <a href=\"https:\/\/iabnetz.de\/wp-content\/uploads\/2026\/01\/IAB-20-Jahre-und-morgen.pdf\" target=\"_blank\" style=\"display:block;width:100%;height:100%;\">\n        <strong style=\"color:#ffffff;text-decoration:none;\">IAB \u2013 20 Jahre und morgen?<\/strong><br\/>\n        <span style=\"color:#ffffff;text-decoration:none;\"><\/span>\n        <\/a>\n    <\/div>\n    <script>\n    var _w = 150;\n    \n    var _nobutton = document.querySelectorAll(\".mmnostickybutton\");\n    if(_nobutton.length > 0){\n        document.getElementById(\"mmstickybutton\").remove();\n        document.getElementById(\"stickybcontent\").remove();\n    }\n    \n    $(document).ready(function(){\n        if($(\".mmnostickybutton\").length > 0){ \n           $(\"#mmstickybutton,#stickybcontent\").remove();\n           return true;\n        }\n        $(\"#mmstickybutton\").on(\"click\",function(){\n\t\t\t$(\"#stickybcontent\").show().animate({\n\t\t\twidth: _w+\"px\",\n\t\t\t}, 280, \"easeInOutQuad\",function() { ; });\n        });\n        \/*\n        $(\"#stickybcontent\").on(\"click\",function(){\n\t\t\t$(this).animate({\n\t\t\twidth: \"0px\",\n\t\t\t}, 280, \"easeInOutQuad\",function() { ; }).hide();\n        });\n        *\/\n        \n    });\n    <\/script>","protected":false},"excerpt":{"rendered":"<p>Gentili lettori, vorrei attirare la vostra attenzione su un annuncio di lavoro presso l&#8217;Universit\u00e0 Cattolica di Scienze Applicate per il lavoro sociale. Le trisomie 13 e 18 sono aberrazioni cromosomiche autosomiche in cui i cromosomi 13 o 18 (o parti di essi) sono presenti in triplice copia. Secondo uno studio condotto in Inghilterra e Galles [&hellip;]<\/p>\n","protected":false},"author":2,"featured_media":0,"parent":4144,"menu_order":0,"comment_status":"closed","ping_status":"closed","template":"","meta":{"_acf_changed":false,"footnotes":"","_links_to":"","_links_to_target":""},"class_list":["post-14935","page","type-page","status-publish","hentry"],"acf":[],"_links":{"self":[{"href":"https:\/\/iabnetz.de\/en\/wp-json\/wp\/v2\/pages\/14935"}],"collection":[{"href":"https:\/\/iabnetz.de\/en\/wp-json\/wp\/v2\/pages"}],"about":[{"href":"https:\/\/iabnetz.de\/en\/wp-json\/wp\/v2\/types\/page"}],"author":[{"embeddable":true,"href":"https:\/\/iabnetz.de\/en\/wp-json\/wp\/v2\/users\/2"}],"replies":[{"embeddable":true,"href":"https:\/\/iabnetz.de\/en\/wp-json\/wp\/v2\/comments?post=14935"}],"version-history":[{"count":2,"href":"https:\/\/iabnetz.de\/en\/wp-json\/wp\/v2\/pages\/14935\/revisions"}],"predecessor-version":[{"id":14937,"href":"https:\/\/iabnetz.de\/en\/wp-json\/wp\/v2\/pages\/14935\/revisions\/14937"}],"up":[{"embeddable":true,"href":"https:\/\/iabnetz.de\/en\/wp-json\/wp\/v2\/pages\/4144"}],"wp:attachment":[{"href":"https:\/\/iabnetz.de\/en\/wp-json\/wp\/v2\/media?parent=14935"}],"curies":[{"name":"wp","href":"https:\/\/api.w.org\/{rel}","templated":true}]}}